{"id":38,"date":"2025-10-17T16:27:09","date_gmt":"2025-10-17T16:27:09","guid":{"rendered":"https:\/\/logosbioscience.com\/pt-br\/?page_id=38"},"modified":"2025-10-17T16:28:19","modified_gmt":"2025-10-17T16:28:19","slug":"sobre","status":"publish","type":"page","link":"https:\/\/logosbioscience.com\/pt-br\/sobre\/","title":{"rendered":"Sobre"},"content":{"rendered":"\n<p>A Logos BioScience \u00e9 uma empresa brasileira especializada em solu\u00e7\u00f5es tecnol\u00f3gicas para o segmento de Oftalmologia, com foco no desenvolvimento de produtos e servi\u00e7os inovadores. Entre suas cria\u00e7\u00f5es destacam-se dispositivos \u00f3pticos, como a lente intraocular Galaxy, produzida em parceria com a multinacional brit\u00e2nica Rayner, al\u00e9m de softwares de suporte e apoio \u00e0 decis\u00e3o m\u00e9dica baseados em Intelig\u00eancia Artificial, biossensores, entre outros.<\/p>\n\n\n\n<p>Fundada em 2022 pelo m\u00e9dico oftalmologista, cirurgi\u00e3o e pesquisador Jo\u00e3o Marcelo Lyra, o principal diferencial da empresa \u00e9 sua capacidade para conduzir todo o ciclo de inova\u00e7\u00e3o disruptiva, desde a idea\u00e7\u00e3o, prototipa\u00e7\u00e3o, desenvolvimento at\u00e9 a testagem cl\u00ednica por meio de um trabalho integrado entre m\u00e9dicos, cirurgi\u00f5es, cientistas da computa\u00e7\u00e3o, pesquisadores de F\u00edsica \u00d3ptica e de outras especialidades que trabalham de forma interdisciplinar e com ado\u00e7\u00e3o de metodologia \u00e1gil para transformar ideias em solu\u00e7\u00f5es reais para empresas do setor.<\/p>\n","protected":false},"excerpt":{"rendered":"<p>A Logos BioScience \u00e9 uma empresa brasileira especializada em solu\u00e7\u00f5es tecnol\u00f3gicas para o segmento de Oftalmologia, com foco no desenvolvimento de produtos e servi\u00e7os inovadores. Entre suas cria\u00e7\u00f5es destacam-se dispositivos \u00f3pticos, como a lente intraocular Galaxy, produzida em parceria com a multinacional brit\u00e2nica Rayner, al\u00e9m de softwares de suporte e apoio \u00e0 decis\u00e3o m\u00e9dica baseados [&hellip;]<\/p>\n","protected":false},"author":1,"featured_media":0,"parent":0,"menu_order":0,"comment_status":"closed","ping_status":"closed","template":"page-about.php","meta":{"_acf_changed":false,"footnotes":""},"class_list":["post-38","page","type-page","status-publish","hentry"],"acf":[],"_links":{"self":[{"href":"https:\/\/logosbioscience.com\/pt-br\/wp-json\/wp\/v2\/pages\/38","targetHints":{"allow":["GET"]}}],"collection":[{"href":"https:\/\/logosbioscience.com\/pt-br\/wp-json\/wp\/v2\/pages"}],"about":[{"href":"https:\/\/logosbioscience.com\/pt-br\/wp-json\/wp\/v2\/types\/page"}],"author":[{"embeddable":true,"href":"https:\/\/logosbioscience.com\/pt-br\/wp-json\/wp\/v2\/users\/1"}],"replies":[{"embeddable":true,"href":"https:\/\/logosbioscience.com\/pt-br\/wp-json\/wp\/v2\/comments?post=38"}],"version-history":[{"count":2,"href":"https:\/\/logosbioscience.com\/pt-br\/wp-json\/wp\/v2\/pages\/38\/revisions"}],"predecessor-version":[{"id":41,"href":"https:\/\/logosbioscience.com\/pt-br\/wp-json\/wp\/v2\/pages\/38\/revisions\/41"}],"wp:attachment":[{"href":"https:\/\/logosbioscience.com\/pt-br\/wp-json\/wp\/v2\/media?parent=38"}],"curies":[{"name":"wp","href":"https:\/\/api.w.org\/{rel}","templated":true}]}}